{"id":187,"date":"2021-07-01T10:49:47","date_gmt":"2021-07-01T10:49:47","guid":{"rendered":"https:\/\/digitaldependence.eu\/?page_id=187"},"modified":"2022-05-02T15:18:43","modified_gmt":"2022-05-02T15:18:43","slug":"impressum","status":"publish","type":"page","link":"https:\/\/digitaldependence.eu\/en\/impressum","title":{"rendered":"Imprint"},"content":{"rendered":"<div data-elementor-type=\"wp-page\" data-elementor-id=\"187\" class=\"elementor elementor-187\">\n\t\t\t\t\t\t<section class=\"elementor-section elementor-top-section elementor-element elementor-element-8a537f7 elementor-section-boxed elementor-section-height-default elementor-section-height-default\" data-id=\"8a537f7\" data-element_type=\"section\" data-e-type=\"section\">\n\t\t\t\t\t\t<div class=\"elementor-container elementor-column-gap-default\">\n\t\t\t\t\t<div class=\"elementor-column elementor-col-100 elementor-top-column elementor-element elementor-element-1931dad\" data-id=\"1931dad\" data-element_type=\"column\" data-e-type=\"column\">\n\t\t\t<div class=\"elementor-widget-wrap elementor-element-populated\">\n\t\t\t\t\t\t<div class=\"elementor-element elementor-element-cd11e67 elementor-widget elementor-widget-heading\" data-id=\"cd11e67\" data-element_type=\"widget\" data-e-type=\"widget\" data-widget_type=\"heading.default\">\n\t\t\t\t<div class=\"elementor-widget-container\">\n\t\t\t\t\t<h1 class=\"elementor-heading-title elementor-size-xl\">Imprint<\/h1>\t\t\t\t<\/div>\n\t\t\t\t<\/div>\n\t\t\t\t\t<\/div>\n\t\t<\/div>\n\t\t\t\t\t<\/div>\n\t\t<\/section>\n\t\t\t\t<section class=\"elementor-section elementor-top-section elementor-element elementor-element-c3213df elementor-section-boxed elementor-section-height-default elementor-section-height-default\" data-id=\"c3213df\" data-element_type=\"section\" data-e-type=\"section\">\n\t\t\t\t\t\t<div class=\"elementor-container elementor-column-gap-default\">\n\t\t\t\t\t<div class=\"elementor-column elementor-col-100 elementor-top-column elementor-element elementor-element-18789e7\" data-id=\"18789e7\" data-element_type=\"column\" data-e-type=\"column\">\n\t\t\t<div class=\"elementor-widget-wrap elementor-element-populated\">\n\t\t\t\t\t\t<div class=\"elementor-element elementor-element-30ff826 elementor-widget elementor-widget-text-editor\" data-id=\"30ff826\" data-element_type=\"widget\" data-e-type=\"widget\" data-widget_type=\"text-editor.default\">\n\t\t\t\t<div class=\"elementor-widget-container\">\n\t\t\t\t\t\t\t\t\t<p>Center for Advanced Security, Strategic and Integration Studies (CASSIS)<\/p><p>University of Bonn<br \/>R\u00f6merstra\u00dfe 164<br \/>D-53117 Bonn<\/p><p>Managing Director Dr. Enrico Fels<\/p><p>Telefon: +49 (0)228\/73 62997<br \/>E-Mail: cassis@uni-bonn.de<br \/>Website: www.cassis.uni-bonn.de<\/p>\t\t\t\t\t\t\t\t<\/div>\n\t\t\t\t<\/div>\n\t\t\t\t\t<\/div>\n\t\t<\/div>\n\t\t\t\t\t<\/div>\n\t\t<\/section>\n\t\t\t\t<section class=\"elementor-section elementor-top-section elementor-element elementor-element-da2f32e elementor-section-boxed elementor-section-height-default elementor-section-height-default\" data-id=\"da2f32e\" data-element_type=\"section\" data-e-type=\"section\">\n\t\t\t\t\t\t<div class=\"elementor-container elementor-column-gap-default\">\n\t\t\t\t\t<div class=\"elementor-column elementor-col-100 elementor-top-column elementor-element elementor-element-be20a49\" data-id=\"be20a49\" data-element_type=\"column\" data-e-type=\"column\">\n\t\t\t<div class=\"elementor-widget-wrap elementor-element-populated\">\n\t\t\t\t\t\t<div class=\"elementor-element elementor-element-344660d elementor-widget elementor-widget-text-editor\" data-id=\"344660d\" data-element_type=\"widget\" data-e-type=\"widget\" data-widget_type=\"text-editor.default\">\n\t\t\t\t<div class=\"elementor-widget-container\">\n\t\t\t\t\t\t\t\t\t<h4><strong>Disclaimer<\/strong> \/ <strong>Disclaimer<\/strong><\/h4><p><strong>Website content<\/strong><br \/>CASSIS assumes no liability whatsoever for the up-to-datedness, correctness, completeness, or quality of the information provided. CASSIS is a service provider for the purposes of the German Telemedia Act and, therefore, responsible for its own content on these web pages under laws of general applicability. Liability claims against CASSIS for material or non-material damage resulting from the usage or non-usage of the information provided or from the usage of incorrect or incomplete information are excluded unless CASSIS is demonstrably culpable of intent or gross negligence.<br \/>As a service provider for the purposes of the German Telemedia Act, CASSIS is not obligated, however, to monitor transmitted or stored third-party data or to investigate circumstances indicative of potentially illegal activity. Obligations to remove or restrict usage of data under generally applicable laws remain thereby unaffected.<br \/>Any offers made are non-binding and subject to change. Cassis expressly reserves the right to change, supplement, delete and temporarily or permanently eliminate elements of web pages or the entire offering without providing special notice thereof.<\/p><p><strong>Links<\/strong><br \/>CASSIS may only have liability for the content of third-party websites for which CASSIS is not responsible and to which direct or indirect links are provided if CASSIS is aware of the content in question and it is both technically and reasonably possible to prevent usage of illegal content therein.<br \/>CASSIS hereby expressively declares that web pages to which links are provided were free of illegal content at the time when the links were provided. CASSIS has no control whatsoever over the present or future design, content, or authorship of the web pages to which links are provided. Accordingly, CASSIS hereby expressly distances itself from any content of web pages to which links are provided, which has been changed since the time when the link was provided. This statement applies to all links provided on CASSIS website and to third-party posts in guest books, discussion forums, or mailing lists set up by CASSIS. The provider of the web page to which a link was provided has the sole liability for illegal, incorrect, or incomplete content and for any damages resulting from the usage or non-usage of such provided information, not the party which merely provides a link to the respective publication.<\/p><p><strong>Copyright and trademarks<\/strong><br \/>CASSIS upholds copyrights and other intellectual property rights to content utilized in any publications, to utilize self-generated content, including particularly graphics, audio, video, and text, and to utilize license-free content, including particularly graphics, audio, video, and text.<br \/>Any protected trademarks, logos, or works protected by copyright that appear or are cited on the website are subject without limitation to the respectively applicable copyright or intellectual property\/trademark laws and to the property rights of their respective registered owners. The fact that trademarks, logos, or content are used does not indicate that they are not protected by third-party rights!<\/p><p class=\"translation-block\">CASSIS retains all copyright and intellectual property rights to published content and research created by CASSIS. The copying, editing, distribution, translation, storage, processing, playback, reproduction, or other usages of such content, including particularly graphics, audio, video, and text, are prohibited without the express consent of CASSIS. We request anyone who wants to refer to the text, data, and graphics from the research and the website of the Digital Dependence Index cite the sources according to copyright correctly in the following way:<\/p><p>Center for Advanced Security, Strategic and Integration Studies (CASSIS) (2022): \u201cDigital Dependence Index\u201d, University of Bonn.<\/p><p><strong>Data protection<\/strong><br \/>Any personal or business data (e-mail addresses, names, addresses) entered by users on a website where such data can be entered are expressly provided on a voluntary basis. To the extent technically possible and reasonable, all services offered may be utilized and paid for either without providing such data or by providing data that are anonymized or pseudonymized.<\/p><p><strong>Disclaimer validity and severability<br \/><\/strong>This disclaimer constitutes part of the website. If any sections or individual wording elements of this text do not or no longer fully conform with applicable laws, the content and the validity of the remainder of this document shall remain thereby unaffected.<\/p><p>The text of this disclaimer is based on disclaimer text provided as a free service by <a href=\"http:\/\/www.disclaimer.de\/\"><i aria-hidden=\"true\"><\/i>\u00a0http:\/\/www.disclaimer.de<\/a>.\u00a0<\/p>\t\t\t\t\t\t\t\t<\/div>\n\t\t\t\t<\/div>\n\t\t\t\t\t<\/div>\n\t\t<\/div>\n\t\t\t\t\t<\/div>\n\t\t<\/section>\n\t\t\t\t<section class=\"elementor-section elementor-top-section elementor-element elementor-element-302302a elementor-section-boxed elementor-section-height-default elementor-section-height-default\" data-id=\"302302a\" data-element_type=\"section\" data-e-type=\"section\">\n\t\t\t\t\t\t<div class=\"elementor-container elementor-column-gap-default\">\n\t\t\t\t\t<div class=\"elementor-column elementor-col-100 elementor-top-column elementor-element elementor-element-9ec5ed3\" data-id=\"9ec5ed3\" data-element_type=\"column\" data-e-type=\"column\">\n\t\t\t<div class=\"elementor-widget-wrap elementor-element-populated\">\n\t\t\t\t\t\t<div class=\"elementor-element elementor-element-bdcbbb6 elementor-widget elementor-widget-button\" data-id=\"bdcbbb6\" data-element_type=\"widget\" data-e-type=\"widget\" data-widget_type=\"button.default\">\n\t\t\t\t<div class=\"elementor-widget-container\">\n\t\t\t\t\t\t\t\t\t<div class=\"elementor-button-wrapper\">\n\t\t\t\t\t<a class=\"elementor-button elementor-button-link elementor-size-sm\" href=\"https:\/\/digitaldependence.eu\/en\/datenschutzerklaerung\/\">\n\t\t\t\t\t\t<span class=\"elementor-button-content-wrapper\">\n\t\t\t\t\t\t\t\t\t<span class=\"elementor-button-text\">Privacy Policy<\/span>\n\t\t\t\t\t<\/span>\n\t\t\t\t\t<\/a>\n\t\t\t\t<\/div>\n\t\t\t\t\t\t\t\t<\/div>\n\t\t\t\t<\/div>\n\t\t\t\t\t<\/div>\n\t\t<\/div>\n\t\t\t\t\t<\/div>\n\t\t<\/section>\n\t\t\t\t<section class=\"elementor-section elementor-top-section elementor-element elementor-element-070cc4c elementor-section-boxed elementor-section-height-default elementor-section-height-default\" data-id=\"070cc4c\" data-element_type=\"section\" data-e-type=\"section\">\n\t\t\t\t\t\t<div class=\"elementor-container elementor-column-gap-default\">\n\t\t\t\t\t<div class=\"elementor-column elementor-col-100 elementor-top-column elementor-element elementor-element-042f8f7\" data-id=\"042f8f7\" data-element_type=\"column\" data-e-type=\"column\">\n\t\t\t<div class=\"elementor-widget-wrap elementor-element-populated\">\n\t\t\t\t\t\t<div class=\"elementor-element elementor-element-b1dfc85 elementor-widget elementor-widget-text-editor\" data-id=\"b1dfc85\" data-element_type=\"widget\" data-e-type=\"widget\" data-widget_type=\"text-editor.default\">\n\t\t\t\t<div class=\"elementor-widget-container\">\n\t\t\t\t\t\t\t\t\t<p><strong>Website Design<\/strong><\/p><p>Dennis Lonsdorfer, Research Assistant<\/p>\t\t\t\t\t\t\t\t<\/div>\n\t\t\t\t<\/div>\n\t\t\t\t\t<\/div>\n\t\t<\/div>\n\t\t\t\t\t<\/div>\n\t\t<\/section>\n\t\t\t\t<\/div>","protected":false},"excerpt":{"rendered":"<p>Impressum Center for Advanced Security, Strategic and Integration Studies (CASSIS) Rheinische Friedrich-Wilhelms-Universit\u00e4t BonnR\u00f6merstra\u00dfe 164D-53117 Bonn Vertretungsberechtigter Gesch\u00e4ftsf\u00fchrer: Dr. Enrico Fels Telefon: +49 (0)228\/73 62997E-Mail: cassis@uni-bonn.deWebsite: www.cassis.uni-bonn.de Haftungsausschluss \/ Disclaimer Inhalt des OnlineangebotesDas CASSIS \u00fcbernimmt keinerlei Gew\u00e4hr f\u00fcr die Aktualit\u00e4t, Korrektheit, Vollst\u00e4ndigkeit oder Qualit\u00e4t der bereitgestellten Informationen. Das CASSIS ist als Diensteanbieter im Sinne des Telemediengesetzes [&hellip;]<\/p>\n","protected":false},"author":1,"featured_media":0,"parent":0,"menu_order":0,"comment_status":"closed","ping_status":"closed","template":"","meta":{"ocean_post_layout":"","ocean_both_sidebars_style":"","ocean_both_sidebars_content_width":0,"ocean_both_sidebars_sidebars_width":0,"ocean_sidebar":"0","ocean_second_sidebar":"0","ocean_disable_margins":"enable","ocean_add_body_class":"","ocean_shortcode_before_top_bar":"","ocean_shortcode_after_top_bar":"","ocean_shortcode_before_header":"","ocean_shortcode_after_header":"","ocean_has_shortcode":"","ocean_shortcode_after_title":"","ocean_shortcode_before_footer_widgets":"","ocean_shortcode_after_footer_widgets":"","ocean_shortcode_before_footer_bottom":"","ocean_shortcode_after_footer_bottom":"","ocean_display_top_bar":"default","ocean_display_header":"default","ocean_header_style":"","ocean_center_header_left_menu":"0","ocean_custom_header_template":"0","ocean_custom_logo":0,"ocean_custom_retina_logo":0,"ocean_custom_logo_max_width":0,"ocean_custom_logo_tablet_max_width":0,"ocean_custom_logo_mobile_max_width":0,"ocean_custom_logo_max_height":0,"ocean_custom_logo_tablet_max_height":0,"ocean_custom_logo_mobile_max_height":0,"ocean_header_custom_menu":"0","ocean_menu_typo_font_family":"0","ocean_menu_typo_font_subset":"","ocean_menu_typo_font_size":0,"ocean_menu_typo_font_size_tablet":0,"ocean_menu_typo_font_size_mobile":0,"ocean_menu_typo_font_size_unit":"px","ocean_menu_typo_font_weight":"","ocean_menu_typo_font_weight_tablet":"","ocean_menu_typo_font_weight_mobile":"","ocean_menu_typo_transform":"","ocean_menu_typo_transform_tablet":"","ocean_menu_typo_transform_mobile":"","ocean_menu_typo_line_height":0,"ocean_menu_typo_line_height_tablet":0,"ocean_menu_typo_line_height_mobile":0,"ocean_menu_typo_line_height_unit":"","ocean_menu_typo_spacing":0,"ocean_menu_typo_spacing_tablet":0,"ocean_menu_typo_spacing_mobile":0,"ocean_menu_typo_spacing_unit":"","ocean_menu_link_color":"","ocean_menu_link_color_hover":"","ocean_menu_link_color_active":"","ocean_menu_link_background":"","ocean_menu_link_hover_background":"","ocean_menu_link_active_background":"","ocean_menu_social_links_bg":"","ocean_menu_social_hover_links_bg":"","ocean_menu_social_links_color":"","ocean_menu_social_hover_links_color":"","ocean_disable_title":"default","ocean_disable_heading":"default","ocean_post_title":"","ocean_post_subheading":"","ocean_post_title_style":"","ocean_post_title_background_color":"","ocean_post_title_background":0,"ocean_post_title_bg_image_position":"","ocean_post_title_bg_image_attachment":"","ocean_post_title_bg_image_repeat":"","ocean_post_title_bg_image_size":"","ocean_post_title_height":0,"ocean_post_title_bg_overlay":0.5,"ocean_post_title_bg_overlay_color":"","ocean_disable_breadcrumbs":"default","ocean_breadcrumbs_color":"","ocean_breadcrumbs_separator_color":"","ocean_breadcrumbs_links_color":"","ocean_breadcrumbs_links_hover_color":"","ocean_display_footer_widgets":"default","ocean_display_footer_bottom":"default","ocean_custom_footer_template":"0","footnotes":""},"class_list":["post-187","page","type-page","status-publish","hentry","entry"],"_links":{"self":[{"href":"https:\/\/digitaldependence.eu\/en\/wp-json\/wp\/v2\/pages\/187","targetHints":{"allow":["GET"]}}],"collection":[{"href":"https:\/\/digitaldependence.eu\/en\/wp-json\/wp\/v2\/pages"}],"about":[{"href":"https:\/\/digitaldependence.eu\/en\/wp-json\/wp\/v2\/types\/page"}],"author":[{"embeddable":true,"href":"https:\/\/digitaldependence.eu\/en\/wp-json\/wp\/v2\/users\/1"}],"replies":[{"embeddable":true,"href":"https:\/\/digitaldependence.eu\/en\/wp-json\/wp\/v2\/comments?post=187"}],"version-history":[{"count":24,"href":"https:\/\/digitaldependence.eu\/en\/wp-json\/wp\/v2\/pages\/187\/revisions"}],"predecessor-version":[{"id":5350,"href":"https:\/\/digitaldependence.eu\/en\/wp-json\/wp\/v2\/pages\/187\/revisions\/5350"}],"wp:attachment":[{"href":"https:\/\/digitaldependence.eu\/en\/wp-json\/wp\/v2\/media?parent=187"}],"curies":[{"name":"wp","href":"https:\/\/api.w.org\/{rel}","templated":true}]}}