{"id":514,"date":"2021-10-29T15:21:51","date_gmt":"2021-10-29T15:21:51","guid":{"rendered":"https:\/\/digitaldependence.eu\/?page_id=514"},"modified":"2022-05-30T13:52:18","modified_gmt":"2022-05-30T13:52:18","slug":"karten","status":"publish","type":"page","link":"https:\/\/digitaldependence.eu\/en\/karten","title":{"rendered":"Maps"},"content":{"rendered":"<div data-elementor-type=\"wp-page\" data-elementor-id=\"514\" class=\"elementor elementor-514\">\n\t\t\t\t\t\t<section class=\"elementor-section elementor-top-section elementor-element elementor-element-bc6e498 elementor-section-boxed elementor-section-height-default elementor-section-height-default\" data-id=\"bc6e498\" data-element_type=\"section\" data-e-type=\"section\">\n\t\t\t\t\t\t<div class=\"elementor-container elementor-column-gap-default\">\n\t\t\t\t\t<div class=\"elementor-column elementor-col-100 elementor-top-column elementor-element elementor-element-be96d37\" data-id=\"be96d37\" data-element_type=\"column\" data-e-type=\"column\">\n\t\t\t<div class=\"elementor-widget-wrap elementor-element-populated\">\n\t\t\t\t\t\t<div class=\"elementor-element elementor-element-f1bfc7e elementor-widget elementor-widget-text-editor\" data-id=\"f1bfc7e\" data-element_type=\"widget\" data-e-type=\"widget\" data-widget_type=\"text-editor.default\">\n\t\t\t\t<div class=\"elementor-widget-container\">\n\t\t\t\t\t\t\t\t\t<p><span style=\"color: #000000;\">These maps demonstrate three dimensions of national digital dependence from 2010 to 2019. They offer answers to the following questions:<br \/><\/span><\/p><p class=\"translation-block\">1. How much do countries depend on foreign digital technologies?<\/p><p class=\"translation-block\"><span style=\"color: #000000\"><em>2. How much do countries depend on the ICT goods from the US, the EU, and China? <\/em> <\/span><\/p><p class=\"translation-block\"><span style=\"color: #000000\"><em>3. How much do countries depend on global platform companies?<\/em>\u00a0<\/span><\/p><p>More detailed information will be shown by clicking on countries on the map.<\/p>\t\t\t\t\t\t\t\t<\/div>\n\t\t\t\t<\/div>\n\t\t\t\t\t<\/div>\n\t\t<\/div>\n\t\t\t\t\t<\/div>\n\t\t<\/section>\n\t\t\t\t<section class=\"elementor-section elementor-top-section elementor-element elementor-element-2ef515a elementor-section-boxed elementor-section-height-default elementor-section-height-default\" data-id=\"2ef515a\" data-element_type=\"section\" data-e-type=\"section\" data-no-translation=\"\">\n\t\t\t\t\t\t<div class=\"elementor-container elementor-column-gap-default\">\n\t\t\t\t\t<div class=\"elementor-column elementor-col-100 elementor-top-column elementor-element elementor-element-ecc1fbd\" data-id=\"ecc1fbd\" data-element_type=\"column\" data-e-type=\"column\">\n\t\t\t<div class=\"elementor-widget-wrap elementor-element-populated\">\n\t\t\t\t\t\t<div class=\"elementor-element elementor-element-14402f1 elementor-widget elementor-widget-eael-adv-tabs\" data-id=\"14402f1\" data-element_type=\"widget\" data-e-type=\"widget\" data-widget_type=\"eael-adv-tabs.default\">\n\t\t\t\t<div class=\"elementor-widget-container\">\n\t\t\t\t\t        <div data-scroll-on-click=\"no\" data-scroll-speed=\"300\" id=\"eael-advance-tabs-14402f1\" class=\"eael-advance-tabs eael-tabs-horizontal eael-tab-auto-active\" data-tabid=\"14402f1\">\n            <div class=\"eael-tabs-nav\">\n                <ul class=\"eael-tab-inline-icon\" role=\"tablist\">\n                                            <li id=\"global-dependence\" class=\"inactive eael-tab-item-trigger eael-tab-nav-item\" aria-selected=\"true\" data-tab=\"1\" role=\"tab\" tabindex=\"0\" aria-controls=\"global-dependence-tab\" aria-expanded=\"false\">\n                            \n                                                                <i class=\"fas fa-globe\"><\/i>                                                            \n                                                            <span class=\"eael-tab-title title-after-icon\" >Global Dependence<\/span>                            \n                                                    <\/li>\n                                            <li id=\"bilateral-dependence\" class=\"inactive eael-tab-item-trigger eael-tab-nav-item\" aria-selected=\"false\" data-tab=\"2\" role=\"tab\" tabindex=\"-1\" aria-controls=\"bilateral-dependence-tab\" aria-expanded=\"false\">\n                            \n                                                                <i class=\"fas fa-arrows-alt-h\"><\/i>                                                            \n                                                            <span class=\"eael-tab-title title-after-icon\" >Bilateral Dependence<\/span>                            \n                                                    <\/li>\n                                            <li id=\"platform-dependence\" class=\"inactive eael-tab-item-trigger eael-tab-nav-item\" aria-selected=\"false\" data-tab=\"3\" role=\"tab\" tabindex=\"-1\" aria-controls=\"platform-dependence-tab\" aria-expanded=\"false\">\n                            \n                                                                <i class=\"far fa-window-restore\"><\/i>                                                            \n                                                            <span class=\"eael-tab-title title-after-icon\" >Platform Dependence<\/span>                            \n                                                    <\/li>\n                    \n                                  <\/ul>\n            <\/div>\n            \n            <div class=\"eael-tabs-content\">\n\t\t        \n                    <div id=\"global-dependence-tab\" class=\"clearfix eael-tab-content-item inactive\" data-title-link=\"global-dependence-tab\">\n\t\t\t\t        <div class=\"embed-container maps\"><iframe src=\"https:\/\/www.easymap-xplorer.de\/view\/706d3cdf-7541-416f-b0fe-c4099358d615\/?token=6710754c92812621c122ce0f8d0b14b76d36e9b47ee93b483eda7cfd494d0ec50&amp;sh=false&amp;sti=false#vc=43.803;30.5859;2?ct=1?tc=1?L0=131?L1=01?L2=01?L3=00.7?L4=01?L5=01?L6=00.7?L7=01?L8=01?L9=00.7?L10=01?L11=11?L12=10.7?L13=01?L14=01?L15=01?L16=01?L17=01?L18=01?L19=01?L20=11\" width=\"600\" height=\"700\"><\/iframe><\/div>\nThe colors of the global digital dependence map illustrate the degrees of national dependence; the numbers represent the international ranking. The country ranked first place has the lowest dependence score. The average digital dependence lies in the highly vulnerable area (the average DDI score is above 0.8).                    <\/div>\n\t\t        \n                    <div id=\"bilateral-dependence-tab\" class=\"clearfix eael-tab-content-item inactive\" data-title-link=\"bilateral-dependence-tab\">\n\t\t\t\t        <div class=\"embed-container maps\"><iframe src=\"https:\/\/www.easymap-xplorer.de\/view\/706d3cdf-7541-416f-b0fe-c4099358d615\/?token=6710754c92812621c122ce0f8d0b14b76d36e9b47ee93b483eda7cfd494d0ec50&amp;sh=false&amp;sti=false&amp;v=1#vc=43.803;30.5859;2?ct=1?tc=1\" width=\"600\" height=\"700\"><\/iframe><\/div>\nThe bilateral digital dependence demonstrates each country\u2019s dependence on imported ICT goods from the US, EU, and China. The colors reflect the degrees of each country\u2019s dependence on global ICT trade, and the arrows display each country\u2019s ICT trade volume share, either with the US, EU, or China, of the international ICT trade (the thicker the arrow, the higher the share).                    <\/div>\n\t\t        \n                    <div id=\"platform-dependence-tab\" class=\"clearfix eael-tab-content-item inactive\" data-title-link=\"platform-dependence-tab\">\n\t\t\t\t        <div class=\"embed-container maps\"><iframe src=\"https:\/\/www.easymap-xplorer.de\/view\/706d3cdf-7541-416f-b0fe-c4099358d615\/?token=6710754c92812621c122ce0f8d0b14b76d36e9b47ee93b483eda7cfd494d0ec50&amp;sh=false&amp;sti=false&amp;v=2#vc=43.803;30.5859;2?ct=1?tc=1\" width=\"600\" height=\"700\"><\/iframe><\/div><p>This map demonstrates the <span style=\"font-weight: 400\">market share of platform companies for products such as<\/span> tablets, smartphones, desktop OS, Mobile OS, social media, search engines, and browsers. It shows to what extent each country is dependent on foreign platform companies. Overall, most countries are over 80% dependent (DDI value 0.8) on foreign platform companies.<\/p>                    <\/div>\n\t\t                    <\/div>\n        <\/div>\n\t\t\t\t<\/div>\n\t\t\t\t<\/div>\n\t\t\t\t\t<\/div>\n\t\t<\/div>\n\t\t\t\t\t<\/div>\n\t\t<\/section>\n\t\t\t\t<\/div>","protected":false},"excerpt":{"rendered":"<p>Die interaktiven Karten zeigen die Entwicklung von drei Dimensionen digitaler Dependenz zwischen den Jahren 2010 und 2019. Sie beantworten folgende Fragen: 1. Wie abh\u00e4ngig sind L\u00e4nder insgesamt von digitalen Technologien aus dem Ausland?&nbsp; Daraus ergeben sich sowohl die Werte einzelner L\u00e4nder als auch ein globaler \u00dcberblick. 2. Wie abh\u00e4ngig sind L\u00e4nder von importierten ICT-G\u00fctern aus [&hellip;]<\/p>\n","protected":false},"author":1,"featured_media":140,"parent":0,"menu_order":0,"comment_status":"closed","ping_status":"closed","template":"","meta":{"ocean_post_layout":"","ocean_both_sidebars_style":"","ocean_both_sidebars_content_width":0,"ocean_both_sidebars_sidebars_width":0,"ocean_sidebar":"0","ocean_second_sidebar":"0","ocean_disable_margins":"enable","ocean_add_body_class":"","ocean_shortcode_before_top_bar":"","ocean_shortcode_after_top_bar":"","ocean_shortcode_before_header":"","ocean_shortcode_after_header":"","ocean_has_shortcode":"","ocean_shortcode_after_title":"","ocean_shortcode_before_footer_widgets":"","ocean_shortcode_after_footer_widgets":"","ocean_shortcode_before_footer_bottom":"","ocean_shortcode_after_footer_bottom":"","ocean_display_top_bar":"default","ocean_display_header":"default","ocean_header_style":"","ocean_center_header_left_menu":"0","ocean_custom_header_template":"0","ocean_custom_logo":0,"ocean_custom_retina_logo":0,"ocean_custom_logo_max_width":0,"ocean_custom_logo_tablet_max_width":0,"ocean_custom_logo_mobile_max_width":0,"ocean_custom_logo_max_height":0,"ocean_custom_logo_tablet_max_height":0,"ocean_custom_logo_mobile_max_height":0,"ocean_header_custom_menu":"0","ocean_menu_typo_font_family":"0","ocean_menu_typo_font_subset":"","ocean_menu_typo_font_size":0,"ocean_menu_typo_font_size_tablet":0,"ocean_menu_typo_font_size_mobile":0,"ocean_menu_typo_font_size_unit":"px","ocean_menu_typo_font_weight":"","ocean_menu_typo_font_weight_tablet":"","ocean_menu_typo_font_weight_mobile":"","ocean_menu_typo_transform":"","ocean_menu_typo_transform_tablet":"","ocean_menu_typo_transform_mobile":"","ocean_menu_typo_line_height":0,"ocean_menu_typo_line_height_tablet":0,"ocean_menu_typo_line_height_mobile":0,"ocean_menu_typo_line_height_unit":"","ocean_menu_typo_spacing":0,"ocean_menu_typo_spacing_tablet":0,"ocean_menu_typo_spacing_mobile":0,"ocean_menu_typo_spacing_unit":"","ocean_menu_link_color":"","ocean_menu_link_color_hover":"","ocean_menu_link_color_active":"","ocean_menu_link_background":"","ocean_menu_link_hover_background":"","ocean_menu_link_active_background":"","ocean_menu_social_links_bg":"","ocean_menu_social_hover_links_bg":"","ocean_menu_social_links_color":"","ocean_menu_social_hover_links_color":"","ocean_disable_title":"default","ocean_disable_heading":"default","ocean_post_title":"","ocean_post_subheading":"","ocean_post_title_style":"","ocean_post_title_background_color":"","ocean_post_title_background":0,"ocean_post_title_bg_image_position":"","ocean_post_title_bg_image_attachment":"","ocean_post_title_bg_image_repeat":"","ocean_post_title_bg_image_size":"","ocean_post_title_height":0,"ocean_post_title_bg_overlay":0.5,"ocean_post_title_bg_overlay_color":"","ocean_disable_breadcrumbs":"default","ocean_breadcrumbs_color":"","ocean_breadcrumbs_separator_color":"","ocean_breadcrumbs_links_color":"","ocean_breadcrumbs_links_hover_color":"","ocean_display_footer_widgets":"default","ocean_display_footer_bottom":"default","ocean_custom_footer_template":"0","footnotes":""},"class_list":["post-514","page","type-page","status-publish","has-post-thumbnail","hentry","entry","has-media"],"_links":{"self":[{"href":"https:\/\/digitaldependence.eu\/en\/wp-json\/wp\/v2\/pages\/514","targetHints":{"allow":["GET"]}}],"collection":[{"href":"https:\/\/digitaldependence.eu\/en\/wp-json\/wp\/v2\/pages"}],"about":[{"href":"https:\/\/digitaldependence.eu\/en\/wp-json\/wp\/v2\/types\/page"}],"author":[{"embeddable":true,"href":"https:\/\/digitaldependence.eu\/en\/wp-json\/wp\/v2\/users\/1"}],"replies":[{"embeddable":true,"href":"https:\/\/digitaldependence.eu\/en\/wp-json\/wp\/v2\/comments?post=514"}],"version-history":[{"count":166,"href":"https:\/\/digitaldependence.eu\/en\/wp-json\/wp\/v2\/pages\/514\/revisions"}],"predecessor-version":[{"id":6317,"href":"https:\/\/digitaldependence.eu\/en\/wp-json\/wp\/v2\/pages\/514\/revisions\/6317"}],"wp:featuredmedia":[{"embeddable":true,"href":"https:\/\/digitaldependence.eu\/en\/wp-json\/wp\/v2\/media\/140"}],"wp:attachment":[{"href":"https:\/\/digitaldependence.eu\/en\/wp-json\/wp\/v2\/media?parent=514"}],"curies":[{"name":"wp","href":"https:\/\/api.w.org\/{rel}","templated":true}]}}