{"id":6327,"date":"2022-08-25T13:34:00","date_gmt":"2022-08-25T13:34:00","guid":{"rendered":"https:\/\/digitaldependence.eu\/?page_id=6327"},"modified":"2025-11-25T09:00:27","modified_gmt":"2025-11-25T09:00:27","slug":"medienbeitraege","status":"publish","type":"page","link":"https:\/\/digitaldependence.eu\/en\/medienbeitraege","title":{"rendered":"Media Coverage"},"content":{"rendered":"<div data-elementor-type=\"wp-page\" data-elementor-id=\"6327\" class=\"elementor elementor-6327\">\n\t\t\t\t\t\t<section class=\"elementor-section elementor-top-section elementor-element elementor-element-81daf82 elementor-section-boxed elementor-section-height-default elementor-section-height-default\" data-id=\"81daf82\" data-element_type=\"section\" data-e-type=\"section\">\n\t\t\t\t\t\t<div class=\"elementor-container elementor-column-gap-default\">\n\t\t\t\t\t<div class=\"elementor-column elementor-col-100 elementor-top-column elementor-element elementor-element-68a47fe\" data-id=\"68a47fe\" data-element_type=\"column\" data-e-type=\"column\">\n\t\t\t<div class=\"elementor-widget-wrap elementor-element-populated\">\n\t\t\t\t\t\t<div class=\"elementor-element elementor-element-ce93ee4 elementor-widget elementor-widget-heading\" data-id=\"ce93ee4\" data-element_type=\"widget\" data-e-type=\"widget\" data-widget_type=\"heading.default\">\n\t\t\t\t<div class=\"elementor-widget-container\">\n\t\t\t\t\t<h1 class=\"elementor-heading-title elementor-size-xl\">Media articles on the Digital Dependence Index<\/h1>\t\t\t\t<\/div>\n\t\t\t\t<\/div>\n\t\t\t\t\t<\/div>\n\t\t<\/div>\n\t\t\t\t\t<\/div>\n\t\t<\/section>\n\t\t\t\t<section class=\"elementor-section elementor-top-section elementor-element elementor-element-851ef9c elementor-section-boxed elementor-section-height-default elementor-section-height-default\" data-id=\"851ef9c\" data-element_type=\"section\" data-e-type=\"section\">\n\t\t\t\t\t\t<div class=\"elementor-container elementor-column-gap-default\">\n\t\t\t\t\t<div class=\"elementor-column elementor-col-100 elementor-top-column elementor-element elementor-element-29691f0\" data-id=\"29691f0\" data-element_type=\"column\" data-e-type=\"column\">\n\t\t\t<div class=\"elementor-widget-wrap elementor-element-populated\">\n\t\t\t\t\t\t<div class=\"elementor-element elementor-element-d23d54f elementor-widget elementor-widget-text-editor\" data-id=\"d23d54f\" data-element_type=\"widget\" data-e-type=\"widget\" data-widget_type=\"text-editor.default\">\n\t\t\t\t<div class=\"elementor-widget-container\">\n\t\t\t\t\t\t\t\t\t<p>Here you can find the selected media articles on the Digital Dependence Index.<\/p>\t\t\t\t\t\t\t\t<\/div>\n\t\t\t\t<\/div>\n\t\t\t\t\t<\/div>\n\t\t<\/div>\n\t\t\t\t\t<\/div>\n\t\t<\/section>\n\t\t\t\t<section class=\"elementor-section elementor-top-section elementor-element elementor-element-0043207 elementor-section-boxed elementor-section-height-default elementor-section-height-default\" data-id=\"0043207\" data-element_type=\"section\" data-e-type=\"section\">\n\t\t\t\t\t\t<div class=\"elementor-container elementor-column-gap-no\">\n\t\t\t\t\t<div class=\"elementor-column elementor-col-100 elementor-top-column elementor-element elementor-element-39c97b6\" data-id=\"39c97b6\" data-element_type=\"column\" data-e-type=\"column\">\n\t\t\t<div class=\"elementor-widget-wrap elementor-element-populated\">\n\t\t\t\t\t\t<div class=\"elementor-element elementor-element-46e84ef elementor-widget-divider--view-line elementor-widget elementor-widget-divider\" data-id=\"46e84ef\" data-element_type=\"widget\" data-e-type=\"widget\" data-widget_type=\"divider.default\">\n\t\t\t\t<div class=\"elementor-widget-container\">\n\t\t\t\t\t\t\t<div class=\"elementor-divider\">\n\t\t\t<span class=\"elementor-divider-separator\">\n\t\t\t\t\t\t<\/span>\n\t\t<\/div>\n\t\t\t\t\t\t<\/div>\n\t\t\t\t<\/div>\n\t\t\t\t\t<\/div>\n\t\t<\/div>\n\t\t\t\t\t<\/div>\n\t\t<\/section>\n\t\t\t\t<section class=\"elementor-section elementor-top-section elementor-element elementor-element-7ad43e6 elementor-section-boxed elementor-section-height-default elementor-section-height-default\" data-id=\"7ad43e6\" data-element_type=\"section\" data-e-type=\"section\">\n\t\t\t\t\t\t<div class=\"elementor-container elementor-column-gap-default\">\n\t\t\t\t\t<div class=\"elementor-column elementor-col-100 elementor-top-column elementor-element elementor-element-de5202f\" data-id=\"de5202f\" data-element_type=\"column\" data-e-type=\"column\">\n\t\t\t<div class=\"elementor-widget-wrap elementor-element-populated\">\n\t\t\t\t\t\t<div class=\"elementor-element elementor-element-fa09465 elementor-widget elementor-widget-text-editor\" data-id=\"fa09465\" data-element_type=\"widget\" data-e-type=\"widget\" data-widget_type=\"text-editor.default\">\n\t\t\t\t<div class=\"elementor-widget-container\">\n\t\t\t\t\t\t\t\t\t<h2>\u00a0<\/h2><ul style=\"font-variant-ligatures: normal; font-variant-caps: normal; font-family: Roboto, sans-serif; font-size: 16px; font-style: normal; font-weight: 400;\"><li><h2><em><a href=\"https:\/\/www.faz.net\/aktuell\/wirtschaft\/cloud-infrastruktur-europas-muss-digitale-souveraenitaet-erlangen-110378948.html\">Europa muss digitale Souver\u00e4nit\u00e4t erlangen: Zeit f\u00fcr eigene Cloud-Infrastruktur<\/a>, <\/em>Frankfurter Allgemeine (26. March 2025)<\/h2><\/li><li><h2><em><a href=\"https:\/\/www.economist.com\/asia\/2024\/10\/08\/america-v-china-who-controls-asias-internet\" target=\"_blank\" rel=\"noopener\">America v China: who controls Asia\u2019s internet?<\/a>, <\/em>The Economist (08. October 2024)<\/h2><\/li><li><h2><em><a href=\"https:\/\/www.faz.net\/aktuell\/wirtschaft\/unternehmen\/digitale-souveraenitaet-warum-deutschland-in-abhaengigkeit-verharrt-19809000.html\">Wieso Deutschland in digitaler Abh\u00e4ngigkeit verharrt<\/a>, <\/em>Frankfurter Allgemeine (27. June 2024)<\/h2><\/li><li><h2><a href=\"https:\/\/www.heise.de\/news\/Deutschlands-Unternehmen-unzufrieden-mit-eigener-Digital-Abhaengigkeit-9600541.html\">Deutschlands Unternehmen unzufrieden mit eigener Digital-Abh\u00e4ngigkeit<\/a>, heise online (17 January, 2024)<\/h2><\/li><li style=\"font-size: 16px;\"><h2 class=\"post-title entry-title\"><a href=\"https:\/\/www.institutmolinari.org\/2023\/05\/24\/il-manque-en-europe-10-400-milliards-deuros-de-capitalisation-boursiere\/\">Il manque en Europe 10 400 milliards d\u2019euros de capitalisation boursi\u00e8re<\/a>, Institut \u00e9conomique Molinari (May, 2023)<\/h2><\/li><li style=\"font-size: 16px;\"><h2><a href=\"https:\/\/www.computerwoche.de\/a\/digitale-souveraenitaet-deutschlands-ist-in-gefahr,3613396\">Digitale Souver\u00e4nit\u00e4t Deutschlands ist in Gefahr<\/a>, Computerwoche (5 December, 2022)<\/h2><\/li><li style=\"font-size: 16px;\"><h2><a href=\"https:\/\/background.tagesspiegel.de\/digitalisierung\/digitalisierung-erst-abgehaengt-dann-abhaengig\">Digitalisierung: Erst abgeh\u00e4ngt, dann abh\u00e4ngig<\/a>, Tagesspiegel (1 December 2022)<\/h2><\/li><li style=\"font-size: 16px;\"><h2><a href=\"https:\/\/www.heise.de\/news\/IT-Mittelstand-warnt-vor-digitaler-Abhaengigkeit-von-China-und-USA-7363805.html\">IT-Mittelstand warnt vor digitaler Abh\u00e4ngigkeit von China und USA<\/a>, heise online (1 December 2022)<\/h2><\/li><li style=\"font-size: 16px;\"><h2><a href=\"https:\/\/besserwissen.podigee.io\/8-digitalesouveraenitaet\">In der digitalen Abh\u00e4ngigkeit<\/a>, Golem (11 October 2022)<\/h2><\/li><li><h2 class=\"post-title entry-title\"><a href=\"https:\/\/www.univention.de\/blog-de\/2022\/09\/blogreihe-digitale-souveraenitaet-2\/\">Blogreihe Digitale Souver\u00e4nit\u00e4t,<\/a> Univention (21. September 2022)<\/h2><\/li><li style=\"font-size: 16px;\"><h2><a href=\"https:\/\/www.hardthoehenkurier.de\/hhkemags\/hhkfreemags\/2022-afcea\/index_20.html#page=11\">Partnerschaftliche L\u00f6sungen aus Deutschland f\u00fcr Deutschland<\/a>, Hardth\u00f6henkurier (11 May 2022)<\/h2><\/li><li style=\"font-size: 16px;\"><h2><a href=\"https:\/\/www.deutschlandfunknova.de\/beitrag\/digitale-autonomie---deutschland-und-europa-stark-abh\u00e4ngig-von-usa-und-china\">Digitale Autonomie in der EU &#8222;kaum mehr als eine Illusion&#8220;<\/a>, Deutschlandfunk Nova (4 May 2022)<\/h2><\/li><li style=\"font-size: 16px;\"><h2><a href=\"https:\/\/www.welt.de\/newsticker\/dpa_nt\/infoline_nt\/wirtschaft_nt\/article238519063\/Europaeische-Digitalwirtschaft-faellt-weiter-zurueck.html\">Europ\u00e4ische Digitalwirtschaft f\u00e4llt weiter zur\u00fcck<\/a>, Die Welt (3 May 2022)<\/h2><\/li><li style=\"font-size: 16px;\"><h2><a href=\"https:\/\/www.dw.com\/zh\/\u8c03\u7814\u5b9e\u73b0\u6570\u7801\u81ea\u4e3b-\u5fb7\u56fd\u4efb\u91cd\u9053\u8fdc\/a-61671623\">\u8c03\u7814\uff1a\u5b9e\u73b0&#8220;\u6570\u7801\u81ea\u4e3b&#8220; \u5fb7\u56fd\u4efb\u91cd\u9053\u8fdc<\/a>, Deutsche Welle (3 May 2022)<\/h2><\/li><\/ul>\t\t\t\t\t\t\t\t<\/div>\n\t\t\t\t<\/div>\n\t\t\t\t<div class=\"elementor-element elementor-element-e0da7b3 elementor-widget-divider--view-line elementor-widget elementor-widget-divider\" data-id=\"e0da7b3\" data-element_type=\"widget\" data-e-type=\"widget\" data-widget_type=\"divider.default\">\n\t\t\t\t<div class=\"elementor-widget-container\">\n\t\t\t\t\t\t\t<div class=\"elementor-divider\">\n\t\t\t<span class=\"elementor-divider-separator\">\n\t\t\t\t\t\t<\/span>\n\t\t<\/div>\n\t\t\t\t\t\t<\/div>\n\t\t\t\t<\/div>\n\t\t\t\t\t<\/div>\n\t\t<\/div>\n\t\t\t\t\t<\/div>\n\t\t<\/section>\n\t\t\t\t<\/div>","protected":false},"excerpt":{"rendered":"<p>Medienbeitr\u00e4ge zum Digital Dependence Index Hier finden Sie die ausgew\u00e4hlte Medienbeitr\u00e4ge zum Digital Dependence Index. \u00a0 Europa muss digitale Souver\u00e4nit\u00e4t erlangen: Zeit f\u00fcr eigene Cloud-Infrastruktur, Frankfurter Allgemeine (26. M\u00e4rz 2025) America v China: who controls Asia\u2019s internet?, The Economist (08. Oktober 2024) Wieso Deutschland in digitaler Abh\u00e4ngigkeit verharrt, Frankfurter Allgemeine (27. Juni 2024) Deutschlands Unternehmen [&hellip;]<\/p>\n","protected":false},"author":1,"featured_media":0,"parent":0,"menu_order":0,"comment_status":"closed","ping_status":"closed","template":"","meta":{"ocean_post_layout":"","ocean_both_sidebars_style":"","ocean_both_sidebars_content_width":0,"ocean_both_sidebars_sidebars_width":0,"ocean_sidebar":"0","ocean_second_sidebar":"0","ocean_disable_margins":"enable","ocean_add_body_class":"","ocean_shortcode_before_top_bar":"","ocean_shortcode_after_top_bar":"","ocean_shortcode_before_header":"","ocean_shortcode_after_header":"","ocean_has_shortcode":"","ocean_shortcode_after_title":"","ocean_shortcode_before_footer_widgets":"","ocean_shortcode_after_footer_widgets":"","ocean_shortcode_before_footer_bottom":"","ocean_shortcode_after_footer_bottom":"","ocean_display_top_bar":"default","ocean_display_header":"default","ocean_header_style":"","ocean_center_header_left_menu":"0","ocean_custom_header_template":"0","ocean_custom_logo":0,"ocean_custom_retina_logo":0,"ocean_custom_logo_max_width":0,"ocean_custom_logo_tablet_max_width":0,"ocean_custom_logo_mobile_max_width":0,"ocean_custom_logo_max_height":0,"ocean_custom_logo_tablet_max_height":0,"ocean_custom_logo_mobile_max_height":0,"ocean_header_custom_menu":"0","ocean_menu_typo_font_family":"0","ocean_menu_typo_font_subset":"","ocean_menu_typo_font_size":0,"ocean_menu_typo_font_size_tablet":0,"ocean_menu_typo_font_size_mobile":0,"ocean_menu_typo_font_size_unit":"px","ocean_menu_typo_font_weight":"","ocean_menu_typo_font_weight_tablet":"","ocean_menu_typo_font_weight_mobile":"","ocean_menu_typo_transform":"","ocean_menu_typo_transform_tablet":"","ocean_menu_typo_transform_mobile":"","ocean_menu_typo_line_height":0,"ocean_menu_typo_line_height_tablet":0,"ocean_menu_typo_line_height_mobile":0,"ocean_menu_typo_line_height_unit":"","ocean_menu_typo_spacing":0,"ocean_menu_typo_spacing_tablet":0,"ocean_menu_typo_spacing_mobile":0,"ocean_menu_typo_spacing_unit":"","ocean_menu_link_color":"","ocean_menu_link_color_hover":"","ocean_menu_link_color_active":"","ocean_menu_link_background":"","ocean_menu_link_hover_background":"","ocean_menu_link_active_background":"","ocean_menu_social_links_bg":"","ocean_menu_social_hover_links_bg":"","ocean_menu_social_links_color":"","ocean_menu_social_hover_links_color":"","ocean_disable_title":"default","ocean_disable_heading":"default","ocean_post_title":"","ocean_post_subheading":"","ocean_post_title_style":"","ocean_post_title_background_color":"","ocean_post_title_background":0,"ocean_post_title_bg_image_position":"","ocean_post_title_bg_image_attachment":"","ocean_post_title_bg_image_repeat":"","ocean_post_title_bg_image_size":"","ocean_post_title_height":0,"ocean_post_title_bg_overlay":0.5,"ocean_post_title_bg_overlay_color":"","ocean_disable_breadcrumbs":"default","ocean_breadcrumbs_color":"","ocean_breadcrumbs_separator_color":"","ocean_breadcrumbs_links_color":"","ocean_breadcrumbs_links_hover_color":"","ocean_display_footer_widgets":"default","ocean_display_footer_bottom":"default","ocean_custom_footer_template":"0","footnotes":""},"class_list":["post-6327","page","type-page","status-publish","hentry","entry"],"_links":{"self":[{"href":"https:\/\/digitaldependence.eu\/en\/wp-json\/wp\/v2\/pages\/6327","targetHints":{"allow":["GET"]}}],"collection":[{"href":"https:\/\/digitaldependence.eu\/en\/wp-json\/wp\/v2\/pages"}],"about":[{"href":"https:\/\/digitaldependence.eu\/en\/wp-json\/wp\/v2\/types\/page"}],"author":[{"embeddable":true,"href":"https:\/\/digitaldependence.eu\/en\/wp-json\/wp\/v2\/users\/1"}],"replies":[{"embeddable":true,"href":"https:\/\/digitaldependence.eu\/en\/wp-json\/wp\/v2\/comments?post=6327"}],"version-history":[{"count":88,"href":"https:\/\/digitaldependence.eu\/en\/wp-json\/wp\/v2\/pages\/6327\/revisions"}],"predecessor-version":[{"id":6550,"href":"https:\/\/digitaldependence.eu\/en\/wp-json\/wp\/v2\/pages\/6327\/revisions\/6550"}],"wp:attachment":[{"href":"https:\/\/digitaldependence.eu\/en\/wp-json\/wp\/v2\/media?parent=6327"}],"curies":[{"name":"wp","href":"https:\/\/api.w.org\/{rel}","templated":true}]}}